{"id":2421,"date":"2025-12-09T09:01:24","date_gmt":"2025-12-09T09:01:24","guid":{"rendered":"https:\/\/janima.vd-innovatium.com\/?page_id=2421"},"modified":"2026-02-26T13:26:01","modified_gmt":"2026-02-26T13:26:01","slug":"contact","status":"publish","type":"page","link":"https:\/\/janima.vd-innovatium.com\/index.php\/contact\/","title":{"rendered":"Contact"},"content":{"rendered":"\n<section class=\"wp-block-janima-contact-section janima-contact-block\"><div class=\"janima-contact\"><h2 class=\"janima-contact__heading\">Nous contacter<\/h2><div class=\"janima-contact__layout\"><form class=\"janima-contact__form\" action=\"https:\/\/janima.vd-innovatium.com\/wp\/wp-admin\/admin-post.php\" method=\"post\" novalidate><input type=\"hidden\" name=\"action\" value=\"janima_contact_form_submit\" \/><input type=\"hidden\" id=\"janima_contact_nonce\" name=\"janima_contact_nonce\" value=\"48f2950034\" \/><input type=\"hidden\" name=\"_wp_http_referer\" value=\"\/index.php\/wp-json\/wp\/v2\/pages\/2421\" \/><div class=\"janima-contact__row\"><label class=\"janima-contact__field\"><span class=\"janima-contact__label\">Nom<span class=\"janima-contact__required\" aria-hidden=\"true\">*<\/span><\/span><input name=\"contact_last_name\" type=\"text\" required\/><\/label><label class=\"janima-contact__field\"><span class=\"janima-contact__label\">Pr\u00e9nom<span class=\"janima-contact__required\" aria-hidden=\"true\">*<\/span><\/span><input name=\"contact_first_name\" type=\"text\" required\/><\/label><\/div><div class=\"janima-contact__row\"><label class=\"janima-contact__field\"><span class=\"janima-contact__label\">Mail<span class=\"janima-contact__required\" aria-hidden=\"true\">*<\/span><\/span><input name=\"contact_email\" type=\"email\" required\/><\/label><label class=\"janima-contact__field\"><span class=\"janima-contact__label\">T\u00e9l\u00e9phone<span class=\"janima-contact__required\" aria-hidden=\"true\">*<\/span><\/span><input name=\"contact_phone\" type=\"tel\" required\/><\/label><\/div><label class=\"janima-contact__field janima-contact__field--full\"><span class=\"janima-contact__label\">Motif<\/span><div class=\"janima-contact__select\"><span class=\"janima-contact__select-arrow\" aria-hidden=\"true\"><svg width=\"16\" height=\"10\" viewBox=\"0 0 16 10\" fill=\"none\" xmlns=\"http:\/\/www.w3.org\/2000\/svg\"><path d=\"M1 1L8 8L15 1\" stroke=\"currentColor\" stroke-width=\"2\" stroke-linecap=\"round\"><\/path><\/svg><\/span><select name=\"contact_subject\" aria-label=\"Shiatsu animalier\"><option>Coaching<\/option><option>Equicoaching<\/option><option>Equith\u00e9rapie<\/option><option>Shiatsu<\/option><option>Soins energ\u00e9tiques<\/option><option>Ateliers et formations<\/option><option>Communication animale<\/option><option>Autre<\/option><\/select><\/div><\/label><label class=\"janima-contact__field janima-contact__field--full\"><span class=\"janima-contact__label\">Message<span class=\"janima-contact__required\" aria-hidden=\"true\">*<\/span><\/span><textarea name=\"contact_message\" placeholder=\"\" required><\/textarea><\/label><div class=\"janima-contact__actions\"><button type=\"submit\" class=\"janima-contact__button\">ENVOYER<\/button><\/div><\/form><div class=\"janima-contact__card\"><p class=\"janima-contact__card-title\">Prise de rendez-vous<\/p><div class=\"janima-contact__card-line\"><img fetchpriority=\"low\" src=\"https:\/\/janima.vd-innovatium.com\/app\/plugins\/janima-custom-blocks\/src\/assets\/contact-section\/Img_Tel_desktop.svg\" alt=\"\" aria-hidden=\"true\" class=\"janima-contact__icon-img\" loading=\"lazy\" decoding=\"async\"\/><span>06.23.69.72.08<\/span><\/div><div class=\"janima-contact__card-line\"><img fetchpriority=\"low\" src=\"https:\/\/janima.vd-innovatium.com\/app\/plugins\/janima-custom-blocks\/src\/assets\/contact-section\/Img_Mail_desktop.svg\" alt=\"\" aria-hidden=\"true\" class=\"janima-contact__icon-img\" loading=\"lazy\" decoding=\"async\"\/><span>janima.communication@gmail.com<\/span><\/div><p class=\"janima-contact__card-text\">Domaine des Conches (84) ou Lissieu (69)<br\/>Parking \u00e0 proximit\u00e9<\/p><p class=\"janima-contact__card-text\">Suivez-moi sur les r\u00e9seaux :<\/p><div class=\"janima-contact__socials\"><a class=\"janima-contact__social\" href=\"#\"><img fetchpriority=\"low\" src=\"https:\/\/janima.vd-innovatium.com\/app\/plugins\/janima-custom-blocks\/src\/assets\/contact-section\/Img_Insta_desktop.svg\" alt=\"\" aria-hidden=\"true\" class=\"janima-contact__social-icon\" loading=\"lazy\" decoding=\"async\"\/><span class=\"screen-reader-text\">Instagram<\/span><\/a><a class=\"janima-contact__social\" href=\"#\"><img fetchpriority=\"low\" src=\"https:\/\/janima.vd-innovatium.com\/app\/plugins\/janima-custom-blocks\/src\/assets\/contact-section\/Img_FB_desktop.svg\" alt=\"\" aria-hidden=\"true\" class=\"janima-contact__social-icon\" loading=\"lazy\" decoding=\"async\"\/><span class=\"screen-reader-text\">Facebook<\/span><\/a><\/div><\/div><\/div><\/div><\/section>\n","protected":false},"excerpt":{"rendered":"","protected":false},"author":2,"featured_media":0,"parent":0,"menu_order":0,"comment_status":"closed","ping_status":"closed","template":"","meta":{"_kad_post_transparent":"","_kad_post_title":"","_kad_post_layout":"","_kad_post_sidebar_id":"","_kad_post_content_style":"","_kad_post_vertical_padding":"","_kad_post_feature":"","_kad_post_feature_position":"","_kad_post_header":false,"_kad_post_footer":false,"footnotes":""},"class_list":["post-2421","page","type-page","status-publish","hentry"],"yoast_head":"<!-- This site is optimized with the Yoast SEO plugin v26.6 - https:\/\/yoast.com\/wordpress\/plugins\/seo\/ -->\n<title>Contact : Prendre RDV pour vos Soins Holistiques | Janima<\/title>\n<meta name=\"description\" content=\"Contactez Janima pour \u00e9quicoaching, \u00e9quith\u00e9rapie, shiatsu, soins \u00e9nerg\u00e9tiques \u00e0 Lyon et Luberon. Prenez rendez-vous pour humains et animaux. R\u00e9ponse rapide.\" \/>\n<meta name=\"robots\" content=\"noindex, follow, max-snippet:-1, max-image-preview:large, max-video-preview:-1\" \/>\n<meta property=\"og:locale\" content=\"fr_FR\" \/>\n<meta property=\"og:type\" content=\"article\" \/>\n<meta property=\"og:title\" content=\"Contact : Prendre RDV pour vos Soins Holistiques | Janima\" \/>\n<meta property=\"og:description\" content=\"Contactez Janima pour \u00e9quicoaching, \u00e9quith\u00e9rapie, shiatsu, soins \u00e9nerg\u00e9tiques \u00e0 Lyon et Luberon. Prenez rendez-vous pour humains et animaux. R\u00e9ponse rapide.\" \/>\n<meta property=\"og:url\" content=\"https:\/\/janima.vd-innovatium.com\/index.php\/contact\/\" \/>\n<meta property=\"og:site_name\" content=\"JANIMA\" \/>\n<meta property=\"article:publisher\" content=\"https:\/\/www.facebook.com\/people\/Janima-Bien-tre-humain-et-animal\/100087171423958\/\" \/>\n<meta property=\"article:modified_time\" content=\"2026-02-26T13:26:01+00:00\" \/>\n<meta property=\"og:image\" content=\"https:\/\/janima.vd-innovatium.com\/app\/plugins\/janima-custom-blocks\/src\/assets\/contact-section\/Img_Tel_desktop.svg\" \/>\n<meta name=\"twitter:card\" content=\"summary_large_image\" \/>\n<meta name=\"twitter:label1\" content=\"Est. reading time\" \/>\n\t<meta name=\"twitter:data1\" content=\"2 minutes\" \/>\n<script type=\"application\/ld+json\" class=\"yoast-schema-graph\">{\"@context\":\"https:\/\/schema.org\",\"@graph\":[{\"@type\":\"WebPage\",\"@id\":\"https:\/\/janima.vd-innovatium.com\/index.php\/contact\/\",\"url\":\"https:\/\/janima.vd-innovatium.com\/index.php\/contact\/\",\"name\":\"Contact : Prendre RDV pour vos Soins Holistiques | Janima\",\"isPartOf\":{\"@id\":\"https:\/\/janima.vd-innovatium.com\/#website\"},\"primaryImageOfPage\":{\"@id\":\"https:\/\/janima.vd-innovatium.com\/index.php\/contact\/#primaryimage\"},\"image\":{\"@id\":\"https:\/\/janima.vd-innovatium.com\/index.php\/contact\/#primaryimage\"},\"thumbnailUrl\":\"https:\/\/janima.vd-innovatium.com\/app\/plugins\/janima-custom-blocks\/src\/assets\/contact-section\/Img_Tel_desktop.svg\",\"datePublished\":\"2025-12-09T09:01:24+00:00\",\"dateModified\":\"2026-02-26T13:26:01+00:00\",\"description\":\"Contactez Janima pour \u00e9quicoaching, \u00e9quith\u00e9rapie, shiatsu, soins \u00e9nerg\u00e9tiques \u00e0 Lyon et Luberon. Prenez rendez-vous pour humains et animaux. R\u00e9ponse rapide.\",\"breadcrumb\":{\"@id\":\"https:\/\/janima.vd-innovatium.com\/index.php\/contact\/#breadcrumb\"},\"inLanguage\":\"fr-FR\",\"potentialAction\":[{\"@type\":\"ReadAction\",\"target\":[\"https:\/\/janima.vd-innovatium.com\/index.php\/contact\/\"]}]},{\"@type\":\"ImageObject\",\"inLanguage\":\"fr-FR\",\"@id\":\"https:\/\/janima.vd-innovatium.com\/index.php\/contact\/#primaryimage\",\"url\":\"https:\/\/janima.vd-innovatium.com\/app\/plugins\/janima-custom-blocks\/src\/assets\/contact-section\/Img_Tel_desktop.svg\",\"contentUrl\":\"https:\/\/janima.vd-innovatium.com\/app\/plugins\/janima-custom-blocks\/src\/assets\/contact-section\/Img_Tel_desktop.svg\"},{\"@type\":\"BreadcrumbList\",\"@id\":\"https:\/\/janima.vd-innovatium.com\/index.php\/contact\/#breadcrumb\",\"itemListElement\":[{\"@type\":\"ListItem\",\"position\":1,\"name\":\"Home\",\"item\":\"https:\/\/janima.vd-innovatium.com\/\"},{\"@type\":\"ListItem\",\"position\":2,\"name\":\"Contact\"}]},{\"@type\":\"WebSite\",\"@id\":\"https:\/\/janima.vd-innovatium.com\/#website\",\"url\":\"https:\/\/janima.vd-innovatium.com\/\",\"name\":\"JANIMA\",\"description\":\"\",\"publisher\":{\"@id\":\"https:\/\/janima.vd-innovatium.com\/#organization\"},\"potentialAction\":[{\"@type\":\"SearchAction\",\"target\":{\"@type\":\"EntryPoint\",\"urlTemplate\":\"https:\/\/janima.vd-innovatium.com\/?s={search_term_string}\"},\"query-input\":{\"@type\":\"PropertyValueSpecification\",\"valueRequired\":true,\"valueName\":\"search_term_string\"}}],\"inLanguage\":\"fr-FR\"},{\"@type\":\"Organization\",\"@id\":\"https:\/\/janima.vd-innovatium.com\/#organization\",\"name\":\"JANIMA\",\"url\":\"https:\/\/janima.vd-innovatium.com\/\",\"logo\":{\"@type\":\"ImageObject\",\"inLanguage\":\"fr-FR\",\"@id\":\"https:\/\/janima.vd-innovatium.com\/#\/schema\/logo\/image\/\",\"url\":\"https:\/\/janima.vd-innovatium.com\/app\/uploads\/2025\/12\/Img_Header_logo.svg\",\"contentUrl\":\"https:\/\/janima.vd-innovatium.com\/app\/uploads\/2025\/12\/Img_Header_logo.svg\",\"caption\":\"JANIMA\"},\"image\":{\"@id\":\"https:\/\/janima.vd-innovatium.com\/#\/schema\/logo\/image\/\"},\"sameAs\":[\"https:\/\/www.facebook.com\/people\/Janima-Bien-tre-humain-et-animal\/100087171423958\/\",\"https:\/\/www.instagram.com\/janima.communication.animale\/\"]}]}<\/script>\n<!-- \/ Yoast SEO plugin. -->","yoast_head_json":{"title":"Contact : Prendre RDV pour vos Soins Holistiques | Janima","description":"Contactez Janima pour \u00e9quicoaching, \u00e9quith\u00e9rapie, shiatsu, soins \u00e9nerg\u00e9tiques \u00e0 Lyon et Luberon. Prenez rendez-vous pour humains et animaux. R\u00e9ponse rapide.","robots":{"index":"noindex","follow":"follow","max-snippet":"max-snippet:-1","max-image-preview":"max-image-preview:large","max-video-preview":"max-video-preview:-1"},"og_locale":"fr_FR","og_type":"article","og_title":"Contact : Prendre RDV pour vos Soins Holistiques | Janima","og_description":"Contactez Janima pour \u00e9quicoaching, \u00e9quith\u00e9rapie, shiatsu, soins \u00e9nerg\u00e9tiques \u00e0 Lyon et Luberon. Prenez rendez-vous pour humains et animaux. R\u00e9ponse rapide.","og_url":"https:\/\/janima.vd-innovatium.com\/index.php\/contact\/","og_site_name":"JANIMA","article_publisher":"https:\/\/www.facebook.com\/people\/Janima-Bien-tre-humain-et-animal\/100087171423958\/","article_modified_time":"2026-02-26T13:26:01+00:00","og_image":[{"url":"https:\/\/janima.vd-innovatium.com\/app\/plugins\/janima-custom-blocks\/src\/assets\/contact-section\/Img_Tel_desktop.svg","type":"","width":"","height":""}],"twitter_card":"summary_large_image","twitter_misc":{"Est. reading time":"2 minutes"},"schema":{"@context":"https:\/\/schema.org","@graph":[{"@type":"WebPage","@id":"https:\/\/janima.vd-innovatium.com\/index.php\/contact\/","url":"https:\/\/janima.vd-innovatium.com\/index.php\/contact\/","name":"Contact : Prendre RDV pour vos Soins Holistiques | Janima","isPartOf":{"@id":"https:\/\/janima.vd-innovatium.com\/#website"},"primaryImageOfPage":{"@id":"https:\/\/janima.vd-innovatium.com\/index.php\/contact\/#primaryimage"},"image":{"@id":"https:\/\/janima.vd-innovatium.com\/index.php\/contact\/#primaryimage"},"thumbnailUrl":"https:\/\/janima.vd-innovatium.com\/app\/plugins\/janima-custom-blocks\/src\/assets\/contact-section\/Img_Tel_desktop.svg","datePublished":"2025-12-09T09:01:24+00:00","dateModified":"2026-02-26T13:26:01+00:00","description":"Contactez Janima pour \u00e9quicoaching, \u00e9quith\u00e9rapie, shiatsu, soins \u00e9nerg\u00e9tiques \u00e0 Lyon et Luberon. Prenez rendez-vous pour humains et animaux. R\u00e9ponse rapide.","breadcrumb":{"@id":"https:\/\/janima.vd-innovatium.com\/index.php\/contact\/#breadcrumb"},"inLanguage":"fr-FR","potentialAction":[{"@type":"ReadAction","target":["https:\/\/janima.vd-innovatium.com\/index.php\/contact\/"]}]},{"@type":"ImageObject","inLanguage":"fr-FR","@id":"https:\/\/janima.vd-innovatium.com\/index.php\/contact\/#primaryimage","url":"https:\/\/janima.vd-innovatium.com\/app\/plugins\/janima-custom-blocks\/src\/assets\/contact-section\/Img_Tel_desktop.svg","contentUrl":"https:\/\/janima.vd-innovatium.com\/app\/plugins\/janima-custom-blocks\/src\/assets\/contact-section\/Img_Tel_desktop.svg"},{"@type":"BreadcrumbList","@id":"https:\/\/janima.vd-innovatium.com\/index.php\/contact\/#breadcrumb","itemListElement":[{"@type":"ListItem","position":1,"name":"Home","item":"https:\/\/janima.vd-innovatium.com\/"},{"@type":"ListItem","position":2,"name":"Contact"}]},{"@type":"WebSite","@id":"https:\/\/janima.vd-innovatium.com\/#website","url":"https:\/\/janima.vd-innovatium.com\/","name":"JANIMA","description":"","publisher":{"@id":"https:\/\/janima.vd-innovatium.com\/#organization"},"potentialAction":[{"@type":"SearchAction","target":{"@type":"EntryPoint","urlTemplate":"https:\/\/janima.vd-innovatium.com\/?s={search_term_string}"},"query-input":{"@type":"PropertyValueSpecification","valueRequired":true,"valueName":"search_term_string"}}],"inLanguage":"fr-FR"},{"@type":"Organization","@id":"https:\/\/janima.vd-innovatium.com\/#organization","name":"JANIMA","url":"https:\/\/janima.vd-innovatium.com\/","logo":{"@type":"ImageObject","inLanguage":"fr-FR","@id":"https:\/\/janima.vd-innovatium.com\/#\/schema\/logo\/image\/","url":"https:\/\/janima.vd-innovatium.com\/app\/uploads\/2025\/12\/Img_Header_logo.svg","contentUrl":"https:\/\/janima.vd-innovatium.com\/app\/uploads\/2025\/12\/Img_Header_logo.svg","caption":"JANIMA"},"image":{"@id":"https:\/\/janima.vd-innovatium.com\/#\/schema\/logo\/image\/"},"sameAs":["https:\/\/www.facebook.com\/people\/Janima-Bien-tre-humain-et-animal\/100087171423958\/","https:\/\/www.instagram.com\/janima.communication.animale\/"]}]}},"_links":{"self":[{"href":"https:\/\/janima.vd-innovatium.com\/index.php\/wp-json\/wp\/v2\/pages\/2421","targetHints":{"allow":["GET"]}}],"collection":[{"href":"https:\/\/janima.vd-innovatium.com\/index.php\/wp-json\/wp\/v2\/pages"}],"about":[{"href":"https:\/\/janima.vd-innovatium.com\/index.php\/wp-json\/wp\/v2\/types\/page"}],"author":[{"embeddable":true,"href":"https:\/\/janima.vd-innovatium.com\/index.php\/wp-json\/wp\/v2\/users\/2"}],"replies":[{"embeddable":true,"href":"https:\/\/janima.vd-innovatium.com\/index.php\/wp-json\/wp\/v2\/comments?post=2421"}],"version-history":[{"count":4,"href":"https:\/\/janima.vd-innovatium.com\/index.php\/wp-json\/wp\/v2\/pages\/2421\/revisions"}],"predecessor-version":[{"id":5552,"href":"https:\/\/janima.vd-innovatium.com\/index.php\/wp-json\/wp\/v2\/pages\/2421\/revisions\/5552"}],"wp:attachment":[{"href":"https:\/\/janima.vd-innovatium.com\/index.php\/wp-json\/wp\/v2\/media?parent=2421"}],"curies":[{"name":"wp","href":"https:\/\/api.w.org\/{rel}","templated":true}]}}